{"id":327,"date":"2025-04-23T02:33:23","date_gmt":"2025-04-23T00:33:23","guid":{"rendered":"https:\/\/drahuesitos.com.mx\/?page_id=327"},"modified":"2025-04-22T22:37:14","modified_gmt":"2025-04-23T04:37:14","slug":"foro-el-misterio-detras-del-diagnostico","status":"publish","type":"page","link":"https:\/\/drahuesitos.com.mx\/index.php\/foro-el-misterio-detras-del-diagnostico\/","title":{"rendered":"Foro: El misterio detr\u00e1s de tu padecimiento"},"content":{"rendered":"\t\t<div data-elementor-type=\"wp-page\" data-elementor-id=\"327\" class=\"elementor elementor-327\">\n\t\t\t\t<div class=\"elementor-element elementor-element-161e85c9 e-flex e-con-boxed e-con e-parent\" data-id=\"161e85c9\" data-element_type=\"container\" data-e-type=\"container\">\n\t\t\t\t\t<div class=\"e-con-inner\">\n\t\t\t\t<div class=\"elementor-element elementor-element-5ce20975 elementor-widget elementor-widget-text-editor\" data-id=\"5ce20975\" data-element_type=\"widget\" data-e-type=\"widget\" data-widget_type=\"text-editor.default\">\n\t\t\t\t\t\t\t\t\t<p>El objetivo:<\/p><p>Dar orientaci\u00f3n cl\u00ednica a personas que tienen mucho tiempo en buscar que de est\u00e1n enfermos, van de m\u00e9dico en m\u00e9dico, de especialista en especialista sin un respuesta, aqu\u00ed podr\u00e1n contar su historia y otros profesionales podr\u00e1n comentar con un orientaci\u00f3n m\u00e9dica, no se pretende diagnosticar, ni dar consultas, pero si ayudar, todo de manera altruista, sin pasar datos para cobrar ni buscar ning\u00fan tipo de remuneraci\u00f3n.<\/p><p>Exoneraci\u00f3n de responsabilidad: Esta funci\u00f3n solo tiene fines informativos, por lo que no es dispositivo m\u00e9dico para DIAGNOSTICAR. Los acuerdos a los que llegue con los profesionales o personas que comentan de manera externa a la p\u00e1gina no son nuestra responsabilidad. Los comentarios sobre acuerdos monetarios ser\u00e1n borrados.\u00a0<\/p><p>La suscripci\u00f3n es totalmente voluntaria y opcional, pueden escribir aunque no se suscriban, esta es para sostener el foro y m\u00e1s gente se vea beneficiadas.<\/p><p><!-- \/wp:essential-blocks\/text --><!-- wp:shortcode --><\/p><div id=\"anspress\" class=\"anspress\"><div id=\"ap-ask-page\" class=\"clearfix\">\n\t\t\t<form id=\"form_question\" name=\"form_question\" method=\"POST\" enctype=\"multipart\/form-data\" action=\"\"  apform><div class=\"ap-form-group ap-field-form_question-post_title ap-field-type-input \"><label class=\"ap-form-label\" for=\"form_question-post_title\">T\u00edtulo<\/label><div class=\"ap-field-group-w\"><div class=\"ap-field-errorsc\"><\/div><input type=\"text\" value=\"\" name=\"form_question[post_title]\" id=\"form_question-post_title\" class=\"ap-form-control \" autocomplete=\"off\" placeholder=\"T\u00edtulo del tema\" data-action=\"suggest_similar_questions\" data-loadclass=\"q-title\"\/><div class=\"ap-field-desc\">Escribe el t\u00edtulo<\/div><\/div><\/div><div class=\"ap-form-group ap-field-form_question-post_content ap-field-type-editor \"><label class=\"ap-form-label\" for=\"form_question-post_content\">Decripci\u00f3n<\/label><div class=\"ap-field-group-w\"><div class=\"ap-field-errorsc\"><\/div><div class=\"ap-editor\"><div id=\"wp-form_question-post_content-wrap\" class=\"wp-core-ui wp-editor-wrap tmce-active\"><link rel='stylesheet' id='dashicons-css' href='https:\/\/drahuesitos.com.mx\/wp-includes\/css\/dashicons.min.css?ver=6.9.4' type='text\/css' media='all' \/>\n<link rel='stylesheet' id='editor-buttons-css' href='https:\/\/drahuesitos.com.mx\/wp-includes\/css\/editor.min.css?ver=6.9.4' type='text\/css' media='all' \/>\n<div id=\"wp-form_question-post_content-editor-container\" class=\"wp-editor-container\"><textarea class=\"wp-editor-area\" rows=\"10\" autocomplete=\"off\" cols=\"40\" name=\"form_question[post_content]\" id=\"form_question-post_content\"><\/textarea><\/div>\n<\/div>\n\n<\/div><\/div><\/div><div class=\"ap-form-group ap-field-form_question-is_private ap-field-type-checkbox \"><label class=\"ap-form-label\" for=\"form_question-is_private\">Is private?<\/label><div class=\"ap-field-group-w\"><div class=\"ap-field-errorsc\"><\/div><label><input type=\"checkbox\" value=\"1\"  name=\"form_question[is_private]\" id=\"form_question-is_private\" class=\"ap-form-control \"\/>Solo visible para el administrador y moderador.<\/label><\/div><\/div><div class=\"ap-form-group ap-field-form_question-post_id ap-field-type-input \"><div class=\"ap-field-errorsc\"><\/div><input type=\"hidden\" value=\"\" name=\"form_question[post_id]\" id=\"form_question-post_id\" class=\"ap-form-control \"\/><\/div><div class=\"ap-form-group ap-field-form_question-anonymous_name ap-field-type-input \"><label class=\"ap-form-label\" for=\"form_question-anonymous_name\">Your Name<\/label><div class=\"ap-field-group-w\"><div class=\"ap-field-errorsc\"><\/div><input type=\"text\" value=\"\" name=\"form_question[anonymous_name]\" id=\"form_question-anonymous_name\" class=\"ap-form-control \" placeholder=\"Nombre que quieres que se muestre\"\/><\/div><\/div><input type=\"hidden\" name=\"ap_form_name\" value=\"form_question\" \/><button type=\"submit\" class=\"ap-btn ap-btn-submit\">Enviar<\/button><input type=\"hidden\" name=\"form_question_nonce\" value=\"fb45dda3cf\" \/><input type=\"hidden\" name=\"form_question_submit\" value=\"true\" \/><input type=\"hidden\" name=\"action\" value=\"ap_form_question\" \/><\/form>\t\n\t\n\t<div class=\"ap-login\">\n\t\t\n\t\t<div class=\"ap-login-buttons\">\n\t\t\t\n\t\t\t<a href=\"https:\/\/drahuesitos.com.mx\/wp-login.php?redirect_to=https%3A%2F%2Fdrahuesitos.com.mx%2Findex.php%2Fforo-el-misterio-detras-del-diagnostico%2F\">Iniciar sesi\u00f3n<\/a>\n\t\t<\/div>\n\t<\/div>\n\n<\/div>\n<\/div><div class=\"ap-cradit\">Question and answer is powered by <a href=\"https:\/\/anspress.net\" target=\"_blank\">anspress.net<\/a><\/div><p><!-- \/wp:shortcode --><\/p>\t\t\t\t\t\t\t\t<\/div>\n\t\t\t\t\t<\/div>\n\t\t\t\t<\/div>\n\t\t\t\t<\/div>\n\t\t","protected":false},"excerpt":{"rendered":"<p>El objetivo: Dar orientaci\u00f3n cl\u00ednica a personas que tienen mucho tiempo en buscar que de est\u00e1n enfermos, van de m\u00e9dico en m\u00e9dico, de especialista en especialista sin un respuesta, aqu\u00ed podr\u00e1n contar su historia y otros profesionales podr\u00e1n comentar con un orientaci\u00f3n m\u00e9dica, no se pretende diagnosticar, ni dar consultas, pero si ayudar, todo de&#8230;<\/p>\n","protected":false},"author":1,"featured_media":0,"parent":0,"menu_order":0,"comment_status":"closed","ping_status":"closed","template":"","meta":{"_eb_attr":"","footnotes":""},"class_list":["post-327","page","type-page","status-publish"],"_links":{"self":[{"href":"https:\/\/drahuesitos.com.mx\/index.php\/wp-json\/wp\/v2\/pages\/327","targetHints":{"allow":["GET"]}}],"collection":[{"href":"https:\/\/drahuesitos.com.mx\/index.php\/wp-json\/wp\/v2\/pages"}],"about":[{"href":"https:\/\/drahuesitos.com.mx\/index.php\/wp-json\/wp\/v2\/types\/page"}],"author":[{"embeddable":true,"href":"https:\/\/drahuesitos.com.mx\/index.php\/wp-json\/wp\/v2\/users\/1"}],"replies":[{"embeddable":true,"href":"https:\/\/drahuesitos.com.mx\/index.php\/wp-json\/wp\/v2\/comments?post=327"}],"version-history":[{"count":9,"href":"https:\/\/drahuesitos.com.mx\/index.php\/wp-json\/wp\/v2\/pages\/327\/revisions"}],"predecessor-version":[{"id":328,"href":"https:\/\/drahuesitos.com.mx\/index.php\/wp-json\/wp\/v2\/pages\/327\/revisions\/328"}],"wp:attachment":[{"href":"https:\/\/drahuesitos.com.mx\/index.php\/wp-json\/wp\/v2\/media?parent=327"}],"curies":[{"name":"wp","href":"https:\/\/api.w.org\/{rel}","templated":true}]}}