{"id":264,"date":"2025-04-11T17:05:07","date_gmt":"2025-04-11T15:05:07","guid":{"rendered":"https:\/\/drahuesitos.com.mx\/?page_id=264"},"modified":"2025-04-22T21:59:46","modified_gmt":"2025-04-23T03:59:46","slug":"suscripcion-voluntaria","status":"publish","type":"page","link":"https:\/\/drahuesitos.com.mx\/index.php\/suscripcion-voluntaria\/","title":{"rendered":"Suscripci\u00f3n voluntaria"},"content":{"rendered":"\n<div class=\"wp-block-essential-blocks-text  root-eb-text-uea1l\"><div class=\"eb-parent-wrapper eb-parent-eb-text-uea1l \"><div class=\"eb-text-wrapper eb-text-uea1l\" data-id=\"eb-text-uea1l\"><p class=\"eb-text\">Suscripci\u00f3n totalmente voluntaria para cubrir los gastos generados por la creaci\u00f3n y mantenimiento del foro.<br>Con tu aportaci\u00f3n logramos sostener este foro para que m\u00e1s personas sean orientadas y acertarse m\u00e1s pronto a su diagn\u00f3stico.<br>Son tres opciones para suscribirse, para que se acomoden a su presupuesto. Si deseas cancelar su suscripci\u00f3n, esta se puede hacer en el momento que desees, ingresando a tu cuenta de paypal.<br>Si deseas factura por el pago de tu suscripci\u00f3n manda un correo electr\u00f3nico a dra_huesitos@yahoo.com, con todos tus datos fiscales.<br>Muchas gracias, Dios los bendiga.<\/p><\/div><\/div><\/div>\n\n\n\n<div style=\"text-align: center; margin: 30px 0;\">\n  <label for=\"planSelect\"><strong>Elige tu plan de suscripci\u00f3n:<\/strong><\/label><br><br>\n  <select id=\"planSelect\" onchange=\"if(this.value) window.location.href=this.value\" style=\"padding: 10px; font-size: 16px;\">\n    <option value=\"\">Selecciona una opci\u00f3n<\/option>\n    <option value=\"https:\/\/www.paypal.com\/webapps\/billing\/plans\/subscribe?plan_id=P-8R992117S4023650RM74STBY\">$350 MXN\/mes<\/option>\n    <option value=\"https:\/\/www.paypal.com\/webapps\/billing\/plans\/subscribe?plan_id=P-14153503K5576474PM74SQQQ\">$250 MXN\/mes<\/option>\n    <option value=\"https:\/\/www.paypal.com\/webapps\/billing\/plans\/subscribe?plan_id=P-7NU83125Y32775102M74SOOQ\">$150 MXN\/mes<\/option>\n  <\/select>\n<\/div>\n\n\n\n<p><\/p>\n","protected":false},"excerpt":{"rendered":"<p>Elige tu plan de suscripci\u00f3n: Selecciona una opci\u00f3n$350 MXN\/mes$250 MXN\/mes$150 MXN\/mes<\/p>\n","protected":false},"author":1,"featured_media":0,"parent":0,"menu_order":0,"comment_status":"closed","ping_status":"closed","template":"","meta":{"_eb_attr":"","footnotes":""},"class_list":["post-264","page","type-page","status-publish","hentry"],"_links":{"self":[{"href":"https:\/\/drahuesitos.com.mx\/index.php\/wp-json\/wp\/v2\/pages\/264","targetHints":{"allow":["GET"]}}],"collection":[{"href":"https:\/\/drahuesitos.com.mx\/index.php\/wp-json\/wp\/v2\/pages"}],"about":[{"href":"https:\/\/drahuesitos.com.mx\/index.php\/wp-json\/wp\/v2\/types\/page"}],"author":[{"embeddable":true,"href":"https:\/\/drahuesitos.com.mx\/index.php\/wp-json\/wp\/v2\/users\/1"}],"replies":[{"embeddable":true,"href":"https:\/\/drahuesitos.com.mx\/index.php\/wp-json\/wp\/v2\/comments?post=264"}],"version-history":[{"count":16,"href":"https:\/\/drahuesitos.com.mx\/index.php\/wp-json\/wp\/v2\/pages\/264\/revisions"}],"predecessor-version":[{"id":352,"href":"https:\/\/drahuesitos.com.mx\/index.php\/wp-json\/wp\/v2\/pages\/264\/revisions\/352"}],"wp:attachment":[{"href":"https:\/\/drahuesitos.com.mx\/index.php\/wp-json\/wp\/v2\/media?parent=264"}],"curies":[{"name":"wp","href":"https:\/\/api.w.org\/{rel}","templated":true}]}}